{"id":2426,"date":"2024-08-23T14:59:38","date_gmt":"2024-08-23T12:59:38","guid":{"rendered":"https:\/\/ai-industry.eu\/?page_id=2426"},"modified":"2024-08-23T15:50:46","modified_gmt":"2024-08-23T13:50:46","slug":"loi-sur-lia","status":"publish","type":"page","link":"https:\/\/ai-industry.eu\/index.php\/loi-sur-lia\/","title":{"rendered":"Article Loi sur l&rsquo;IA"},"content":{"rendered":"\t\t<div data-elementor-type=\"wp-page\" data-elementor-id=\"2426\" class=\"elementor elementor-2426\" data-elementor-post-type=\"page\">\n\t\t\t\t<div class=\"elementor-element elementor-element-5f5e3c11 e-con-full e-flex e-con e-parent\" data-id=\"5f5e3c11\" data-element_type=\"container\" data-settings=\"{&quot;background_background&quot;:&quot;classic&quot;}\">\n\t\t\t\t<div class=\"elementor-element elementor-element-2b6940a0 elementor-widget__width-initial elementor-widget elementor-widget-heading\" data-id=\"2b6940a0\" data-element_type=\"widget\" data-widget_type=\"heading.default\">\n\t\t\t\t<div class=\"elementor-widget-container\">\n\t\t\t\t\t<h1 class=\"elementor-heading-title elementor-size-default\">Loi sur l'IA de l'UE : premi\u00e8re r\u00e9glementation de l'intelligence artificielle<\/h1>\t\t\t\t<\/div>\n\t\t\t\t<\/div>\n\t\t\t\t<div class=\"elementor-element elementor-element-66844c6c elementor-widget__width-initial elementor-widget-mobile__width-inherit elementor-widget elementor-widget-text-editor\" data-id=\"66844c6c\" data-element_type=\"widget\" data-widget_type=\"text-editor.default\">\n\t\t\t\t<div class=\"elementor-widget-container\">\n\t\t\t\t\t\t\t\t\t<p><br><\/p><p>L&rsquo;Union europ\u00e9enne franchit une \u00e9tape historique avec l&rsquo;introduction de la loi sur l&rsquo;intelligence artificielle (IA), la premi\u00e8re r\u00e9glementation globale d\u00e9di\u00e9e \u00e0 cette technologie. Cette l\u00e9gislation vise \u00e0 encadrer l&rsquo;utilisation de l&rsquo;IA au sein de l&rsquo;UE, garantissant ainsi un d\u00e9veloppement s\u00fbr, transparent et \u00e9thique de cette innovation. La loi pr\u00e9voit des r\u00e8gles sp\u00e9cifiques en fonction du niveau de risque associ\u00e9 aux syst\u00e8mes d&rsquo;IA, allant de l&rsquo;interdiction des applications pr\u00e9sentant un risque inacceptable \u00e0 des exigences strictes pour les syst\u00e8mes \u00e0 haut risque. En parall\u00e8le, l&rsquo;UE soutient l&rsquo;innovation en offrant aux entreprises, notamment les PME et les startups, des opportunit\u00e9s d&rsquo;exp\u00e9rimentation dans des environnements contr\u00f4l\u00e9s. Adopt\u00e9e en 2024, cette loi sera progressivement mise en \u0153uvre, marquant une avanc\u00e9e majeure dans la r\u00e9gulation de l&rsquo;IA tout en prot\u00e9geant les citoyens europ\u00e9ens et en stimulant la comp\u00e9titivit\u00e9 des entreprises.<\/p><p><br><\/p>\t\t\t\t\t\t\t\t<\/div>\n\t\t\t\t<\/div>\n\t\t\t\t<div class=\"elementor-element elementor-element-eb96fd3 elementor-widget elementor-widget-image\" data-id=\"eb96fd3\" data-element_type=\"widget\" data-widget_type=\"image.default\">\n\t\t\t\t<div class=\"elementor-widget-container\">\n\t\t\t\t\t\t\t\t\t\t\t\t\t\t\t<img fetchpriority=\"high\" decoding=\"async\" width=\"300\" height=\"168\" src=\"https:\/\/ai-industry.eu\/wp-content\/uploads\/2024\/08\/th-1-300x168.webp\" class=\"attachment-medium size-medium wp-image-2442\" alt=\"\" srcset=\"https:\/\/ai-industry.eu\/wp-content\/uploads\/2024\/08\/th-1-300x168.webp 300w, https:\/\/ai-industry.eu\/wp-content\/uploads\/2024\/08\/th-1.webp 474w\" sizes=\"(max-width: 300px) 100vw, 300px\" \/>\t\t\t\t\t\t\t\t\t\t\t\t\t\t\t<\/div>\n\t\t\t\t<\/div>\n\t\t\t\t<div class=\"elementor-element elementor-element-46234ef9 elementor-mobile-align-center elementor-widget elementor-widget-button\" data-id=\"46234ef9\" data-element_type=\"widget\" data-widget_type=\"button.default\">\n\t\t\t\t<div class=\"elementor-widget-container\">\n\t\t\t\t\t\t\t\t\t<div class=\"elementor-button-wrapper\">\n\t\t\t\t\t<a class=\"elementor-button elementor-button-link elementor-size-sm\" href=\"https:\/\/www.europarl.europa.eu\/topics\/fr\/article\/20230601STO93804\/loi-sur-l-ia-de-l-ue-premiere-reglementation-de-l-intelligence-artificielle\">\n\t\t\t\t\t\t<span class=\"elementor-button-content-wrapper\">\n\t\t\t\t\t\t<span class=\"elementor-button-icon\">\n\t\t\t\t<svg xmlns=\"http:\/\/www.w3.org\/2000\/svg\" id=\"e7693ca5-bf76-42df-999c-dbc3066cda9e\" data-name=\"Layer 1\" width=\"21.3525\" height=\"10.7197\" viewBox=\"0 0 21.3525 10.7197\"><polygon points=\"21 5.229 21.343 4.865 16.165 0 15.479 0.729 19.737 4.729 0 4.729 0 5.729 19.786 5.729 15.47 10.009 16.175 10.72 21.353 5.584 21 5.229\"><\/polygon><\/svg>\t\t\t<\/span>\n\t\t\t\t\t\t\t\t\t<span class=\"elementor-button-text\">Voir plus<\/span>\n\t\t\t\t\t<\/span>\n\t\t\t\t\t<\/a>\n\t\t\t\t<\/div>\n\t\t\t\t\t\t\t\t<\/div>\n\t\t\t\t<\/div>\n\t\t\t\t<\/div>\n\t\t\t\t<\/div>\n\t\t","protected":false},"excerpt":{"rendered":"<p>Loi sur l&rsquo;IA de l&rsquo;UE : premi\u00e8re r\u00e9glementation de l&rsquo;intelligence artificielle L&rsquo;Union europ\u00e9enne franchit une \u00e9tape historique avec l&rsquo;introduction de la loi sur l&rsquo;intelligence artificielle (IA), la premi\u00e8re r\u00e9glementation globale d\u00e9di\u00e9e \u00e0 cette technologie. Cette l\u00e9gislation vise \u00e0 encadrer l&rsquo;utilisation de l&rsquo;IA au sein de l&rsquo;UE, garantissant ainsi un d\u00e9veloppement s\u00fbr, transparent et \u00e9thique de [&hellip;]<\/p>\n","protected":false},"author":1,"featured_media":0,"parent":0,"menu_order":0,"comment_status":"closed","ping_status":"closed","template":"","meta":{"footnotes":""},"class_list":["post-2426","page","type-page","status-publish","hentry"],"blocksy_meta":[],"yoast_head":"<!-- This site is optimized with the Yoast SEO plugin v27.3 - https:\/\/yoast.com\/product\/yoast-seo-wordpress\/ -->\n<title>Article Loi sur l&#039;IA - AI&amp;INDUSTRY<\/title>\n<meta name=\"robots\" content=\"index, follow, max-snippet:-1, max-image-preview:large, max-video-preview:-1\" \/>\n<link rel=\"canonical\" href=\"https:\/\/ai-industry.eu\/index.php\/loi-sur-lia\/\" \/>\n<meta property=\"og:locale\" content=\"fr_FR\" \/>\n<meta property=\"og:type\" content=\"article\" \/>\n<meta property=\"og:title\" content=\"Article Loi sur l&#039;IA - AI&amp;INDUSTRY\" \/>\n<meta property=\"og:description\" content=\"Loi sur l&rsquo;IA de l&rsquo;UE : premi\u00e8re r\u00e9glementation de l&rsquo;intelligence artificielle L&rsquo;Union europ\u00e9enne franchit une \u00e9tape historique avec l&rsquo;introduction de la loi sur l&rsquo;intelligence artificielle (IA), la premi\u00e8re r\u00e9glementation globale d\u00e9di\u00e9e \u00e0 cette technologie. Cette l\u00e9gislation vise \u00e0 encadrer l&rsquo;utilisation de l&rsquo;IA au sein de l&rsquo;UE, garantissant ainsi un d\u00e9veloppement s\u00fbr, transparent et \u00e9thique de [&hellip;]\" \/>\n<meta property=\"og:url\" content=\"https:\/\/ai-industry.eu\/index.php\/loi-sur-lia\/\" \/>\n<meta property=\"og:site_name\" content=\"AI&amp;INDUSTRY\" \/>\n<meta property=\"article:modified_time\" content=\"2024-08-23T13:50:46+00:00\" \/>\n<meta property=\"og:image\" content=\"http:\/\/ai-industry.eu\/wp-content\/uploads\/2024\/08\/th-1-300x168.webp\" \/>\n<meta name=\"twitter:card\" content=\"summary_large_image\" \/>\n<meta name=\"twitter:label1\" content=\"Dur\u00e9e de lecture estim\u00e9e\" \/>\n\t<meta name=\"twitter:data1\" content=\"1 minute\" \/>\n<script type=\"application\/ld+json\" class=\"yoast-schema-graph\">{\"@context\":\"https:\\\/\\\/schema.org\",\"@graph\":[{\"@type\":\"WebPage\",\"@id\":\"https:\\\/\\\/ai-industry.eu\\\/index.php\\\/loi-sur-lia\\\/\",\"url\":\"https:\\\/\\\/ai-industry.eu\\\/index.php\\\/loi-sur-lia\\\/\",\"name\":\"Article Loi sur l'IA - AI&amp;INDUSTRY\",\"isPartOf\":{\"@id\":\"https:\\\/\\\/ai-industry.eu\\\/#website\"},\"primaryImageOfPage\":{\"@id\":\"https:\\\/\\\/ai-industry.eu\\\/index.php\\\/loi-sur-lia\\\/#primaryimage\"},\"image\":{\"@id\":\"https:\\\/\\\/ai-industry.eu\\\/index.php\\\/loi-sur-lia\\\/#primaryimage\"},\"thumbnailUrl\":\"http:\\\/\\\/ai-industry.eu\\\/wp-content\\\/uploads\\\/2024\\\/08\\\/th-1-300x168.webp\",\"datePublished\":\"2024-08-23T12:59:38+00:00\",\"dateModified\":\"2024-08-23T13:50:46+00:00\",\"breadcrumb\":{\"@id\":\"https:\\\/\\\/ai-industry.eu\\\/index.php\\\/loi-sur-lia\\\/#breadcrumb\"},\"inLanguage\":\"fr-FR\",\"potentialAction\":[{\"@type\":\"ReadAction\",\"target\":[\"https:\\\/\\\/ai-industry.eu\\\/index.php\\\/loi-sur-lia\\\/\"]}]},{\"@type\":\"ImageObject\",\"inLanguage\":\"fr-FR\",\"@id\":\"https:\\\/\\\/ai-industry.eu\\\/index.php\\\/loi-sur-lia\\\/#primaryimage\",\"url\":\"https:\\\/\\\/ai-industry.eu\\\/wp-content\\\/uploads\\\/2024\\\/08\\\/th-1.webp\",\"contentUrl\":\"https:\\\/\\\/ai-industry.eu\\\/wp-content\\\/uploads\\\/2024\\\/08\\\/th-1.webp\",\"width\":474,\"height\":266},{\"@type\":\"BreadcrumbList\",\"@id\":\"https:\\\/\\\/ai-industry.eu\\\/index.php\\\/loi-sur-lia\\\/#breadcrumb\",\"itemListElement\":[{\"@type\":\"ListItem\",\"position\":1,\"name\":\"Accueil\",\"item\":\"https:\\\/\\\/ai-industry.eu\\\/\"},{\"@type\":\"ListItem\",\"position\":2,\"name\":\"Article Loi sur l&rsquo;IA\"}]},{\"@type\":\"WebSite\",\"@id\":\"https:\\\/\\\/ai-industry.eu\\\/#website\",\"url\":\"https:\\\/\\\/ai-industry.eu\\\/\",\"name\":\"AI&Industry\",\"description\":\"\",\"publisher\":{\"@id\":\"https:\\\/\\\/ai-industry.eu\\\/#organization\"},\"alternateName\":\"AIFORUM\",\"potentialAction\":[{\"@type\":\"SearchAction\",\"target\":{\"@type\":\"EntryPoint\",\"urlTemplate\":\"https:\\\/\\\/ai-industry.eu\\\/?s={search_term_string}\"},\"query-input\":{\"@type\":\"PropertyValueSpecification\",\"valueRequired\":true,\"valueName\":\"search_term_string\"}}],\"inLanguage\":\"fr-FR\"},{\"@type\":\"Organization\",\"@id\":\"https:\\\/\\\/ai-industry.eu\\\/#organization\",\"name\":\"AI&Industry\",\"url\":\"https:\\\/\\\/ai-industry.eu\\\/\",\"logo\":{\"@type\":\"ImageObject\",\"inLanguage\":\"fr-FR\",\"@id\":\"https:\\\/\\\/ai-industry.eu\\\/#\\\/schema\\\/logo\\\/image\\\/\",\"url\":\"https:\\\/\\\/ai-industry.eu\\\/wp-content\\\/uploads\\\/2024\\\/03\\\/cropped-AII-6-01.png\",\"contentUrl\":\"https:\\\/\\\/ai-industry.eu\\\/wp-content\\\/uploads\\\/2024\\\/03\\\/cropped-AII-6-01.png\",\"width\":250,\"height\":150,\"caption\":\"AI&Industry\"},\"image\":{\"@id\":\"https:\\\/\\\/ai-industry.eu\\\/#\\\/schema\\\/logo\\\/image\\\/\"},\"sameAs\":[\"https:\\\/\\\/www.linkedin.com\\\/company\\\/18145186\\\/admin\\\/feed\\\/posts\\\/\",\"https:\\\/\\\/www.instagram.com\\\/markcom.event\\\/\"]}]}<\/script>\n<!-- \/ Yoast SEO plugin. -->","yoast_head_json":{"title":"Article Loi sur l'IA - AI&amp;INDUSTRY","robots":{"index":"index","follow":"follow","max-snippet":"max-snippet:-1","max-image-preview":"max-image-preview:large","max-video-preview":"max-video-preview:-1"},"canonical":"https:\/\/ai-industry.eu\/index.php\/loi-sur-lia\/","og_locale":"fr_FR","og_type":"article","og_title":"Article Loi sur l'IA - AI&amp;INDUSTRY","og_description":"Loi sur l&rsquo;IA de l&rsquo;UE : premi\u00e8re r\u00e9glementation de l&rsquo;intelligence artificielle L&rsquo;Union europ\u00e9enne franchit une \u00e9tape historique avec l&rsquo;introduction de la loi sur l&rsquo;intelligence artificielle (IA), la premi\u00e8re r\u00e9glementation globale d\u00e9di\u00e9e \u00e0 cette technologie. Cette l\u00e9gislation vise \u00e0 encadrer l&rsquo;utilisation de l&rsquo;IA au sein de l&rsquo;UE, garantissant ainsi un d\u00e9veloppement s\u00fbr, transparent et \u00e9thique de [&hellip;]","og_url":"https:\/\/ai-industry.eu\/index.php\/loi-sur-lia\/","og_site_name":"AI&amp;INDUSTRY","article_modified_time":"2024-08-23T13:50:46+00:00","og_image":[{"url":"http:\/\/ai-industry.eu\/wp-content\/uploads\/2024\/08\/th-1-300x168.webp","type":"","width":"","height":""}],"twitter_card":"summary_large_image","twitter_misc":{"Dur\u00e9e de lecture estim\u00e9e":"1 minute"},"schema":{"@context":"https:\/\/schema.org","@graph":[{"@type":"WebPage","@id":"https:\/\/ai-industry.eu\/index.php\/loi-sur-lia\/","url":"https:\/\/ai-industry.eu\/index.php\/loi-sur-lia\/","name":"Article Loi sur l'IA - AI&amp;INDUSTRY","isPartOf":{"@id":"https:\/\/ai-industry.eu\/#website"},"primaryImageOfPage":{"@id":"https:\/\/ai-industry.eu\/index.php\/loi-sur-lia\/#primaryimage"},"image":{"@id":"https:\/\/ai-industry.eu\/index.php\/loi-sur-lia\/#primaryimage"},"thumbnailUrl":"http:\/\/ai-industry.eu\/wp-content\/uploads\/2024\/08\/th-1-300x168.webp","datePublished":"2024-08-23T12:59:38+00:00","dateModified":"2024-08-23T13:50:46+00:00","breadcrumb":{"@id":"https:\/\/ai-industry.eu\/index.php\/loi-sur-lia\/#breadcrumb"},"inLanguage":"fr-FR","potentialAction":[{"@type":"ReadAction","target":["https:\/\/ai-industry.eu\/index.php\/loi-sur-lia\/"]}]},{"@type":"ImageObject","inLanguage":"fr-FR","@id":"https:\/\/ai-industry.eu\/index.php\/loi-sur-lia\/#primaryimage","url":"https:\/\/ai-industry.eu\/wp-content\/uploads\/2024\/08\/th-1.webp","contentUrl":"https:\/\/ai-industry.eu\/wp-content\/uploads\/2024\/08\/th-1.webp","width":474,"height":266},{"@type":"BreadcrumbList","@id":"https:\/\/ai-industry.eu\/index.php\/loi-sur-lia\/#breadcrumb","itemListElement":[{"@type":"ListItem","position":1,"name":"Accueil","item":"https:\/\/ai-industry.eu\/"},{"@type":"ListItem","position":2,"name":"Article Loi sur l&rsquo;IA"}]},{"@type":"WebSite","@id":"https:\/\/ai-industry.eu\/#website","url":"https:\/\/ai-industry.eu\/","name":"AI&Industry","description":"","publisher":{"@id":"https:\/\/ai-industry.eu\/#organization"},"alternateName":"AIFORUM","potentialAction":[{"@type":"SearchAction","target":{"@type":"EntryPoint","urlTemplate":"https:\/\/ai-industry.eu\/?s={search_term_string}"},"query-input":{"@type":"PropertyValueSpecification","valueRequired":true,"valueName":"search_term_string"}}],"inLanguage":"fr-FR"},{"@type":"Organization","@id":"https:\/\/ai-industry.eu\/#organization","name":"AI&Industry","url":"https:\/\/ai-industry.eu\/","logo":{"@type":"ImageObject","inLanguage":"fr-FR","@id":"https:\/\/ai-industry.eu\/#\/schema\/logo\/image\/","url":"https:\/\/ai-industry.eu\/wp-content\/uploads\/2024\/03\/cropped-AII-6-01.png","contentUrl":"https:\/\/ai-industry.eu\/wp-content\/uploads\/2024\/03\/cropped-AII-6-01.png","width":250,"height":150,"caption":"AI&Industry"},"image":{"@id":"https:\/\/ai-industry.eu\/#\/schema\/logo\/image\/"},"sameAs":["https:\/\/www.linkedin.com\/company\/18145186\/admin\/feed\/posts\/","https:\/\/www.instagram.com\/markcom.event\/"]}]}},"_links":{"self":[{"href":"https:\/\/ai-industry.eu\/index.php\/wp-json\/wp\/v2\/pages\/2426","targetHints":{"allow":["GET"]}}],"collection":[{"href":"https:\/\/ai-industry.eu\/index.php\/wp-json\/wp\/v2\/pages"}],"about":[{"href":"https:\/\/ai-industry.eu\/index.php\/wp-json\/wp\/v2\/types\/page"}],"author":[{"embeddable":true,"href":"https:\/\/ai-industry.eu\/index.php\/wp-json\/wp\/v2\/users\/1"}],"replies":[{"embeddable":true,"href":"https:\/\/ai-industry.eu\/index.php\/wp-json\/wp\/v2\/comments?post=2426"}],"version-history":[{"count":12,"href":"https:\/\/ai-industry.eu\/index.php\/wp-json\/wp\/v2\/pages\/2426\/revisions"}],"predecessor-version":[{"id":2516,"href":"https:\/\/ai-industry.eu\/index.php\/wp-json\/wp\/v2\/pages\/2426\/revisions\/2516"}],"wp:attachment":[{"href":"https:\/\/ai-industry.eu\/index.php\/wp-json\/wp\/v2\/media?parent=2426"}],"curies":[{"name":"wp","href":"https:\/\/api.w.org\/{rel}","templated":true}]}}