{"id":2192,"date":"2024-08-22T12:30:21","date_gmt":"2024-08-22T10:30:21","guid":{"rendered":"https:\/\/ai-industry.eu\/index.php\/services-fr-fr\/"},"modified":"2024-10-21T12:09:08","modified_gmt":"2024-10-21T10:09:08","slug":"ai-industry","status":"publish","type":"page","link":"https:\/\/ai-industry.eu\/index.php\/ai-industry\/","title":{"rendered":"AI INDUSTRY"},"content":{"rendered":"\t\t<div data-elementor-type=\"wp-page\" data-elementor-id=\"2192\" class=\"elementor elementor-2192\" data-elementor-post-type=\"page\">\n\t\t\t\t<div class=\"elementor-element elementor-element-bf8a0b4 e-flex e-con-boxed e-con e-parent\" data-id=\"bf8a0b4\" data-element_type=\"container\">\n\t\t\t\t\t<div class=\"e-con-inner\">\n\t\t\t\t<div class=\"elementor-element elementor-element-e013764 elementor-widget elementor-widget-spacer\" data-id=\"e013764\" data-element_type=\"widget\" data-widget_type=\"spacer.default\">\n\t\t\t\t<div class=\"elementor-widget-container\">\n\t\t\t\t\t\t\t<div class=\"elementor-spacer\">\n\t\t\t<div class=\"elementor-spacer-inner\"><\/div>\n\t\t<\/div>\n\t\t\t\t\t\t<\/div>\n\t\t\t\t<\/div>\n\t\t\t\t<div class=\"elementor-element elementor-element-b740d3f elementor-widget elementor-widget-heading\" data-id=\"b740d3f\" data-element_type=\"widget\" data-widget_type=\"heading.default\">\n\t\t\t\t<div class=\"elementor-widget-container\">\n\t\t\t\t\t<h2 class=\"elementor-heading-title elementor-size-default\">AI INDUSTRY FORUM<\/h2>\t\t\t\t<\/div>\n\t\t\t\t<\/div>\n\t\t\t\t\t<\/div>\n\t\t\t\t<\/div>\n\t\t<div class=\"elementor-element elementor-element-c397369 e-flex e-con-boxed e-con e-parent\" data-id=\"c397369\" data-element_type=\"container\">\n\t\t\t\t\t<div class=\"e-con-inner\">\n\t\t\t\t<div class=\"elementor-element elementor-element-6a92a6d elementor-widget elementor-widget-spacer\" data-id=\"6a92a6d\" data-element_type=\"widget\" data-widget_type=\"spacer.default\">\n\t\t\t\t<div class=\"elementor-widget-container\">\n\t\t\t\t\t\t\t<div class=\"elementor-spacer\">\n\t\t\t<div class=\"elementor-spacer-inner\"><\/div>\n\t\t<\/div>\n\t\t\t\t\t\t<\/div>\n\t\t\t\t<\/div>\n\t\t\t\t\t<\/div>\n\t\t\t\t<\/div>\n\t\t<div class=\"elementor-element elementor-element-169f36b e-flex e-con-boxed e-con e-parent\" data-id=\"169f36b\" data-element_type=\"container\">\n\t\t\t\t\t<div class=\"e-con-inner\">\n\t\t<div class=\"elementor-element elementor-element-6913b92 e-con-full e-flex e-con e-child\" data-id=\"6913b92\" data-element_type=\"container\">\n\t\t\t\t<div class=\"elementor-element elementor-element-0e72f94 elementor-widget elementor-widget-heading\" data-id=\"0e72f94\" data-element_type=\"widget\" data-widget_type=\"heading.default\">\n\t\t\t\t<div class=\"elementor-widget-container\">\n\t\t\t\t\t<h2 class=\"elementor-heading-title elementor-size-default\">l'Innovation Industrielle : <br>D\u00e9couvrez l'IA en Action lors d'un \u00c9v\u00e9nement Unique en F\u00e9vrier 2025 \u00e0 Lyon<\/h2>\t\t\t\t<\/div>\n\t\t\t\t<\/div>\n\t\t\t\t<div class=\"elementor-element elementor-element-d2b0661 elementor-widget elementor-widget-text-editor\" data-id=\"d2b0661\" data-element_type=\"widget\" data-widget_type=\"text-editor.default\">\n\t\t\t\t<div class=\"elementor-widget-container\">\n\t\t\t\t\t\t\t\t\t<p><span style=\"font-family: inherit; font-size: inherit; font-style: inherit; font-variant-ligatures: inherit; font-variant-caps: inherit; font-weight: inherit; text-align: var(--text-align); background-color: var(--theme-palette-color-7); color: var(--theme-text-color); letter-spacing: var(--theme-letter-spacing); text-transform: var(--theme-text-transform);\">L&rsquo;intelligence artificielle (IA) r\u00e9volutionne rapidement l&rsquo;industrie en automatisant les processus, en optimisant la p<\/span><span style=\"font-family: inherit; font-size: inherit; font-style: inherit; font-variant-ligatures: inherit; font-variant-caps: inherit; font-weight: inherit; text-align: var(--text-align); background-color: var(--theme-palette-color-7); color: var(--theme-text-color); letter-spacing: var(--theme-letter-spacing); text-transform: var(--theme-text-transform);\">roduction et en ouvrant la voie de nouvelles opportunit\u00e9s. Cette technologie transforme le mode de fonctionnement\u00a0<\/span><span style=\"font-family: inherit; font-size: inherit; font-style: inherit; font-variant-ligatures: inherit; font-variant-caps: inherit; font-weight: inherit; text-align: var(--text-align); background-color: var(--theme-palette-color-7); color: var(--theme-text-color); letter-spacing: var(--theme-letter-spacing); text-transform: var(--theme-text-transform);\">des entreprises en leur apportant des gains d&rsquo;efficacit\u00e9s, de productivit\u00e9 et de comp\u00e9titivit\u00e9s.\u00a0<\/span><\/p><p><span style=\"font-family: inherit; font-size: inherit; font-variant-ligatures: inherit; font-variant-caps: inherit; font-weight: inherit; text-align: var(--text-align); background-color: var(--theme-palette-color-7); color: var(--theme-text-color); letter-spacing: var(--theme-letter-spacing); text-transform: var(--theme-text-transform);\"><i>Principles applications de IA dans l&rsquo;industrie :<\/i><\/span><\/p><p>LIA trouve diverses applications dans l&rsquo;industrie, notamment la robotique intelligente, la maintenance pr\u00e9dictive, la\u00a0<span style=\"font-family: inherit; font-size: inherit; font-style: inherit; font-variant-ligatures: inherit; font-variant-caps: inherit; font-weight: inherit; text-align: var(--text-align); background-color: var(--theme-palette-color-7); color: var(--theme-text-color); letter-spacing: var(--theme-letter-spacing); text-transform: var(--theme-text-transform);\">gestion de la chaine d&rsquo;approvisionnement, l&rsquo;am\u00e9lioration de la qualit\u00e9 de la production, Ia conception assist\u00e9e par\u00a0<\/span><span style=\"font-family: inherit; font-size: inherit; font-style: inherit; font-variant-ligatures: inherit; font-variant-caps: inherit; font-weight: inherit; text-align: var(--text-align); background-color: var(--theme-palette-color-7); color: var(--theme-text-color); letter-spacing: var(--theme-letter-spacing); text-transform: var(--theme-text-transform);\">ordinateur et Ia personnalisation de Ia production en fonction des besoins du march\u00e9.<\/span><\/p><p><i>Impacts positifs :<\/i><\/p><ul><li><b>Optimisation des processus<\/b> : l&rsquo;IA optimise les processus de production en identifiant les inefficacit\u00e9s et en sugg\u00e9rant des am\u00e9liorations.<\/li><li><b>Maintenance pr\u00e9dictive<\/b> : A aide d&rsquo;algorithmes pr\u00e9dictifs, 1A aide &amp; anticiper les d\u00e9faillances des \u00e9quipements, r\u00e9duisant ainsi les temps d&rsquo;arr\u00eat impr\u00e9vus.<\/li><li><strong>Personnalisation de la production<\/strong> : Les syst\u00e8mes d&rsquo;IA permettent une production plus flexible, r\u00e9pondant aux demandes changeantes du march\u00e9 avec une efficacit\u00e9 accrue.<\/li><\/ul><p>Cette journ\u00e9e de conf\u00e9rence abordera l&rsquo;industrie manufacturi\u00e8re, la technologie et la d\u00e9fense, mettant en avant l&rsquo;adoption croissante de L&rsquo;IA dans l&rsquo;industrie europ\u00e9enne. Lyon s&rsquo;appr\u00eate \u00e0 devenir le centre de l&rsquo;innovation industrielle lors d&rsquo;un \u00e9v\u00e9nement exceptionnel \u00e0 L&rsquo;Embarcad\u00e8re le 27 f\u00e9vrier 2025.\u00a0<\/p><p>Ce grand rassemblement, intitul\u00e9 \u00ab Al-Industry Convergence \u00bb, r\u00e9unira des experts de renom, des entreprises innovantes\u00a0et des passionn\u00e9s de technologie venus de toute l&rsquo;Europe. Cet \u00e9v\u00e9nement se d\u00e9roulera parall\u00e8lement au Forum industriel de la cybers\u00e9curit\u00e9 2025 (2e \u00e9dition). Si vous \u00eates int\u00e9ress\u00e9 par une participation en tant que partenaire ou\u00a0sponsor et que vous souhaitez en savoir plus, n&rsquo;h\u00e9sitez pas \u00e0 nous contacter rapidement.\u00a0<\/p>\t\t\t\t\t\t\t\t<\/div>\n\t\t\t\t<\/div>\n\t\t\t\t<\/div>\n\t\t<div class=\"elementor-element elementor-element-ed60f1c e-con-full e-flex e-con e-child\" data-id=\"ed60f1c\" data-element_type=\"container\">\n\t\t\t\t<div class=\"elementor-element elementor-element-d38c040 elementor-widget elementor-widget-image\" data-id=\"d38c040\" data-element_type=\"widget\" data-widget_type=\"image.default\">\n\t\t\t\t<div class=\"elementor-widget-container\">\n\t\t\t\t\t\t\t\t\t\t\t\t\t\t\t<img fetchpriority=\"high\" decoding=\"async\" width=\"410\" height=\"1024\" src=\"https:\/\/ai-industry.eu\/wp-content\/uploads\/2024\/08\/Design-sans-titre-1-410x1024.jpg\" class=\"attachment-large size-large wp-image-2199\" alt=\"\" srcset=\"https:\/\/ai-industry.eu\/wp-content\/uploads\/2024\/08\/Design-sans-titre-1-410x1024.jpg 410w, https:\/\/ai-industry.eu\/wp-content\/uploads\/2024\/08\/Design-sans-titre-1-120x300.jpg 120w, https:\/\/ai-industry.eu\/wp-content\/uploads\/2024\/08\/Design-sans-titre-1-768x1920.jpg 768w, https:\/\/ai-industry.eu\/wp-content\/uploads\/2024\/08\/Design-sans-titre-1-300x750.jpg 300w, https:\/\/ai-industry.eu\/wp-content\/uploads\/2024\/08\/Design-sans-titre-1-600x1500.jpg 600w, https:\/\/ai-industry.eu\/wp-content\/uploads\/2024\/08\/Design-sans-titre-1.jpg 800w\" sizes=\"(max-width: 410px) 100vw, 410px\" \/>\t\t\t\t\t\t\t\t\t\t\t\t\t\t\t<\/div>\n\t\t\t\t<\/div>\n\t\t\t\t<\/div>\n\t\t\t\t\t<\/div>\n\t\t\t\t<\/div>\n\t\t\t\t<\/div>\n\t\t","protected":false},"excerpt":{"rendered":"<p>AI INDUSTRY FORUM l&rsquo;Innovation Industrielle : D\u00e9couvrez l&rsquo;IA en Action lors d&rsquo;un \u00c9v\u00e9nement Unique en F\u00e9vrier 2025 \u00e0 Lyon L&rsquo;intelligence artificielle (IA) r\u00e9volutionne rapidement l&rsquo;industrie en automatisant les processus, en optimisant la production et en ouvrant la voie de nouvelles opportunit\u00e9s. Cette technologie transforme le mode de fonctionnement\u00a0des entreprises en leur apportant des gains d&rsquo;efficacit\u00e9s, [&hellip;]<\/p>\n","protected":false},"author":1,"featured_media":0,"parent":0,"menu_order":0,"comment_status":"closed","ping_status":"closed","template":"","meta":{"footnotes":""},"class_list":["post-2192","page","type-page","status-publish","hentry"],"blocksy_meta":{"page_title_panel":"","has_hero_section":"disabled","8373f36d8216cadee13a29bd660a3686":"","hero_section":"type-1","hero_elements":[{"id":"custom_title","enabled":true,"heading_tag":"h1","title":"Home"},{"id":"custom_description","enabled":true,"description_visibility":{"desktop":true,"tablet":true,"mobile":false}},{"id":"custom_meta","enabled":false,"meta_elements":[{"id":"author","enabled":true,"label":"By","has_author_avatar":"yes","avatar_size":25},{"id":"post_date","enabled":true,"label":"On","date_format_source":"default","date_format":"M j, Y"},{"id":"updated_date","enabled":false,"label":"On","date_format_source":"default","date_format":"M j, Y"},{"id":"categories","enabled":false,"label":"In","style":"simple"},{"id":"comments","enabled":true}],"page_meta_elements":{"joined":true,"articles_count":true,"comments":true}},{"id":"breadcrumbs","enabled":false}],"c45af6f82cbd1049ef79782f2078e0ca":"","hero_alignment1":"CT_CSS_SKIP_RULE","hero_margin":40,"hero_alignment2":"center","hero_vertical_alignment":"center","011d7ac99ba21a888a3932693566f7cb":"","hero_structure":"narrow","2293c45dcab12a2c84f37a129c165596":"","page_title_bg_type":"featured_image","custom_hero_background":{"attachment_id":null},"parallax":{"desktop":false,"tablet":false,"mobile":false},"e9da3485ee66c108f94bdc377480fe15":"","hero_height":"250px","pageTitleFont":{"family":"Default","variation":"Default","size":"30px","line-height":"CT_CSS_SKIP_RULE","letter-spacing":"CT_CSS_SKIP_RULE","text-transform":"CT_CSS_SKIP_RULE","text-decoration":"CT_CSS_SKIP_RULE"},"pageTitleFontColor":{"default":{"color":"CT_CSS_SKIP_RULEDEFAULT"}},"pageMetaFont":{"family":"Default","variation":"n6","size":"12px","line-height":"1.3","letter-spacing":"CT_CSS_SKIP_RULE","text-transform":"uppercase","text-decoration":"CT_CSS_SKIP_RULE"},"pageMetaFontColor":{"default":{"color":"CT_CSS_SKIP_RULEDEFAULT"},"hover":{"color":"CT_CSS_SKIP_RULEDEFAULT"}},"page_meta_button_type_font_colors":{"default":{"color":"CT_CSS_SKIP_RULEDEFAULT"},"hover":{"color":"CT_CSS_SKIP_RULEDEFAULT"}},"page_meta_button_type_background_colors":{"default":{"color":"CT_CSS_SKIP_RULEDEFAULT"},"hover":{"color":"CT_CSS_SKIP_RULEDEFAULT"}},"pageExcerptFont":{"family":"Default","variation":"Default","size":"CT_CSS_SKIP_RULE","line-height":"CT_CSS_SKIP_RULE","letter-spacing":"CT_CSS_SKIP_RULE","text-transform":"CT_CSS_SKIP_RULE","text-decoration":"CT_CSS_SKIP_RULE"},"pageExcerptColor":{"default":{"color":"CT_CSS_SKIP_RULEDEFAULT"}},"breadcrumbsFont":{"family":"Default","variation":"Default","size":"CT_CSS_SKIP_RULE","line-height":"CT_CSS_SKIP_RULE","letter-spacing":"CT_CSS_SKIP_RULE","text-transform":"CT_CSS_SKIP_RULE","text-decoration":"CT_CSS_SKIP_RULE"},"breadcrumbsFontColor":{"default":{"color":"CT_CSS_SKIP_RULEDEFAULT"},"initial":{"color":"CT_CSS_SKIP_RULEDEFAULT"},"hover":{"color":"CT_CSS_SKIP_RULEDEFAULT"}},"pageTitleOverlay":{"background_type":"color","background_pattern":"type-1","background_image":{"attachment_id":null,"x":0,"y":0},"gradient":"linear-gradient(135deg,rgba(6,147,227,1) 0%,rgb(155,81,224) 100%)","background_repeat":"repeat","background_size":"auto","background_attachment":"scroll","patternColor":{"default":{"color":"#e5e7ea"}},"overlayColor":{"default":{"color":"CT_CSS_SKIP_RULE"}},"backgroundColor":{"default":{"color":"CT_CSS_SKIP_RULE"}}},"pageTitleBackground":{"background_type":"color","background_pattern":"type-1","background_image":{"attachment_id":null,"x":0,"y":0},"gradient":"linear-gradient(135deg,rgba(6,147,227,1) 0%,rgb(155,81,224) 100%)","background_repeat":"repeat","background_size":"auto","background_attachment":"scroll","patternColor":{"default":{"color":"#e5e7ea"}},"overlayColor":{"default":{"color":"CT_CSS_SKIP_RULE"}},"backgroundColor":{"default":{"color":"var(--theme-palette-color-6)"}}},"pageTitlePadding":{"top":"50px","bottom":"50px","left":"auto","right":"auto","linked":true},"a615b828e421fcb439ad425ecf9ad5dc":"","page_structure_type":"default","b2d23b1b5765724aae7c01379876dad7":"","content_style_source":"inherit","content_style":"wide","vertical_spacing_source":"custom","content_area_spacing":"none","background":{"background_type":"color","background_pattern":"type-1","background_image":{"attachment_id":null,"x":0,"y":0},"gradient":"linear-gradient(135deg,rgba(6,147,227,1) 0%,rgb(155,81,224) 100%)","background_repeat":"repeat","background_size":"auto","background_attachment":"scroll","patternColor":{"default":{"color":"#e5e7ea"}},"overlayColor":{"default":{"color":"CT_CSS_SKIP_RULE"}},"backgroundColor":{"default":{"color":"CT_CSS_SKIP_RULE"}}},"content_background":{"background_type":"color","background_pattern":"type-1","background_image":{"attachment_id":null,"x":0,"y":0},"gradient":"linear-gradient(135deg,rgba(6,147,227,1) 0%,rgb(155,81,224) 100%)","background_repeat":"repeat","background_size":"auto","background_attachment":"scroll","patternColor":{"default":{"color":"#e5e7ea"}},"overlayColor":{"default":{"color":"CT_CSS_SKIP_RULE"}},"backgroundColor":{"default":{"color":"var(--theme-palette-color-8)"}}},"content_boxed_shadow":{"inherit":false,"blur":18,"spread":-6,"v_offset":12,"h_offset":0,"inset":false,"enable":true,"color":{"color":"rgba(34, 56, 101, 0.04)"}},"boxed_content_spacing":{"desktop":{"top":"40px","bottom":"40px","left":"40px","right":"40px","linked":true},"tablet":{"top":"35px","bottom":"35px","left":"35px","right":"35px","linked":true},"mobile":{"top":"20px","bottom":"20px","left":"20px","right":"20px","linked":true}},"content_boxed_radius":{"top":"3px","bottom":"3px","left":"3px","right":"3px","linked":true},"e469f25c44b287f403151867f6e9c3bb":"","disable_featured_image":"no","disable_share_box":"no","disable_header":"no","disable_footer":"no","styles_descriptor":{"styles":{"desktop":"","tablet":"","mobile":""},"google_fonts":[],"version":6}},"yoast_head":"<!-- This site is optimized with the Yoast SEO plugin v27.3 - https:\/\/yoast.com\/product\/yoast-seo-wordpress\/ -->\n<title>AI INDUSTRY - AI&amp;INDUSTRY<\/title>\n<meta name=\"robots\" content=\"index, follow, max-snippet:-1, max-image-preview:large, max-video-preview:-1\" \/>\n<link rel=\"canonical\" href=\"https:\/\/ai-industry.eu\/index.php\/ai-industry\/\" \/>\n<meta property=\"og:locale\" content=\"fr_FR\" \/>\n<meta property=\"og:type\" content=\"article\" \/>\n<meta property=\"og:title\" content=\"AI INDUSTRY - AI&amp;INDUSTRY\" \/>\n<meta property=\"og:description\" content=\"AI INDUSTRY FORUM l&rsquo;Innovation Industrielle : D\u00e9couvrez l&rsquo;IA en Action lors d&rsquo;un \u00c9v\u00e9nement Unique en F\u00e9vrier 2025 \u00e0 Lyon L&rsquo;intelligence artificielle (IA) r\u00e9volutionne rapidement l&rsquo;industrie en automatisant les processus, en optimisant la production et en ouvrant la voie de nouvelles opportunit\u00e9s. Cette technologie transforme le mode de fonctionnement\u00a0des entreprises en leur apportant des gains d&rsquo;efficacit\u00e9s, [&hellip;]\" \/>\n<meta property=\"og:url\" content=\"https:\/\/ai-industry.eu\/index.php\/ai-industry\/\" \/>\n<meta property=\"og:site_name\" content=\"AI&amp;INDUSTRY\" \/>\n<meta property=\"article:modified_time\" content=\"2024-10-21T10:09:08+00:00\" \/>\n<meta property=\"og:image\" content=\"https:\/\/ai-industry.eu\/wp-content\/uploads\/2024\/08\/Design-sans-titre-1.jpg\" \/>\n\t<meta property=\"og:image:width\" content=\"800\" \/>\n\t<meta property=\"og:image:height\" content=\"2000\" \/>\n\t<meta property=\"og:image:type\" content=\"image\/jpeg\" \/>\n<meta name=\"twitter:card\" content=\"summary_large_image\" \/>\n<meta name=\"twitter:label1\" content=\"Dur\u00e9e de lecture estim\u00e9e\" \/>\n\t<meta name=\"twitter:data1\" content=\"2 minutes\" \/>\n<script type=\"application\/ld+json\" class=\"yoast-schema-graph\">{\"@context\":\"https:\\\/\\\/schema.org\",\"@graph\":[{\"@type\":\"WebPage\",\"@id\":\"https:\\\/\\\/ai-industry.eu\\\/index.php\\\/ai-industry\\\/\",\"url\":\"https:\\\/\\\/ai-industry.eu\\\/index.php\\\/ai-industry\\\/\",\"name\":\"AI INDUSTRY - AI&amp;INDUSTRY\",\"isPartOf\":{\"@id\":\"https:\\\/\\\/ai-industry.eu\\\/#website\"},\"primaryImageOfPage\":{\"@id\":\"https:\\\/\\\/ai-industry.eu\\\/index.php\\\/ai-industry\\\/#primaryimage\"},\"image\":{\"@id\":\"https:\\\/\\\/ai-industry.eu\\\/index.php\\\/ai-industry\\\/#primaryimage\"},\"thumbnailUrl\":\"http:\\\/\\\/ai-industry.eu\\\/wp-content\\\/uploads\\\/2024\\\/08\\\/Design-sans-titre-1-410x1024.jpg\",\"datePublished\":\"2024-08-22T10:30:21+00:00\",\"dateModified\":\"2024-10-21T10:09:08+00:00\",\"breadcrumb\":{\"@id\":\"https:\\\/\\\/ai-industry.eu\\\/index.php\\\/ai-industry\\\/#breadcrumb\"},\"inLanguage\":\"fr-FR\",\"potentialAction\":[{\"@type\":\"ReadAction\",\"target\":[\"https:\\\/\\\/ai-industry.eu\\\/index.php\\\/ai-industry\\\/\"]}]},{\"@type\":\"ImageObject\",\"inLanguage\":\"fr-FR\",\"@id\":\"https:\\\/\\\/ai-industry.eu\\\/index.php\\\/ai-industry\\\/#primaryimage\",\"url\":\"https:\\\/\\\/ai-industry.eu\\\/wp-content\\\/uploads\\\/2024\\\/08\\\/Design-sans-titre-1.jpg\",\"contentUrl\":\"https:\\\/\\\/ai-industry.eu\\\/wp-content\\\/uploads\\\/2024\\\/08\\\/Design-sans-titre-1.jpg\",\"width\":800,\"height\":2000},{\"@type\":\"BreadcrumbList\",\"@id\":\"https:\\\/\\\/ai-industry.eu\\\/index.php\\\/ai-industry\\\/#breadcrumb\",\"itemListElement\":[{\"@type\":\"ListItem\",\"position\":1,\"name\":\"Accueil\",\"item\":\"https:\\\/\\\/ai-industry.eu\\\/\"},{\"@type\":\"ListItem\",\"position\":2,\"name\":\"AI INDUSTRY\"}]},{\"@type\":\"WebSite\",\"@id\":\"https:\\\/\\\/ai-industry.eu\\\/#website\",\"url\":\"https:\\\/\\\/ai-industry.eu\\\/\",\"name\":\"AI&Industry\",\"description\":\"\",\"publisher\":{\"@id\":\"https:\\\/\\\/ai-industry.eu\\\/#organization\"},\"alternateName\":\"AIFORUM\",\"potentialAction\":[{\"@type\":\"SearchAction\",\"target\":{\"@type\":\"EntryPoint\",\"urlTemplate\":\"https:\\\/\\\/ai-industry.eu\\\/?s={search_term_string}\"},\"query-input\":{\"@type\":\"PropertyValueSpecification\",\"valueRequired\":true,\"valueName\":\"search_term_string\"}}],\"inLanguage\":\"fr-FR\"},{\"@type\":\"Organization\",\"@id\":\"https:\\\/\\\/ai-industry.eu\\\/#organization\",\"name\":\"AI&Industry\",\"url\":\"https:\\\/\\\/ai-industry.eu\\\/\",\"logo\":{\"@type\":\"ImageObject\",\"inLanguage\":\"fr-FR\",\"@id\":\"https:\\\/\\\/ai-industry.eu\\\/#\\\/schema\\\/logo\\\/image\\\/\",\"url\":\"https:\\\/\\\/ai-industry.eu\\\/wp-content\\\/uploads\\\/2024\\\/03\\\/cropped-AII-6-01.png\",\"contentUrl\":\"https:\\\/\\\/ai-industry.eu\\\/wp-content\\\/uploads\\\/2024\\\/03\\\/cropped-AII-6-01.png\",\"width\":250,\"height\":150,\"caption\":\"AI&Industry\"},\"image\":{\"@id\":\"https:\\\/\\\/ai-industry.eu\\\/#\\\/schema\\\/logo\\\/image\\\/\"},\"sameAs\":[\"https:\\\/\\\/www.linkedin.com\\\/company\\\/18145186\\\/admin\\\/feed\\\/posts\\\/\",\"https:\\\/\\\/www.instagram.com\\\/markcom.event\\\/\"]}]}<\/script>\n<!-- \/ Yoast SEO plugin. -->","yoast_head_json":{"title":"AI INDUSTRY - AI&amp;INDUSTRY","robots":{"index":"index","follow":"follow","max-snippet":"max-snippet:-1","max-image-preview":"max-image-preview:large","max-video-preview":"max-video-preview:-1"},"canonical":"https:\/\/ai-industry.eu\/index.php\/ai-industry\/","og_locale":"fr_FR","og_type":"article","og_title":"AI INDUSTRY - AI&amp;INDUSTRY","og_description":"AI INDUSTRY FORUM l&rsquo;Innovation Industrielle : D\u00e9couvrez l&rsquo;IA en Action lors d&rsquo;un \u00c9v\u00e9nement Unique en F\u00e9vrier 2025 \u00e0 Lyon L&rsquo;intelligence artificielle (IA) r\u00e9volutionne rapidement l&rsquo;industrie en automatisant les processus, en optimisant la production et en ouvrant la voie de nouvelles opportunit\u00e9s. Cette technologie transforme le mode de fonctionnement\u00a0des entreprises en leur apportant des gains d&rsquo;efficacit\u00e9s, [&hellip;]","og_url":"https:\/\/ai-industry.eu\/index.php\/ai-industry\/","og_site_name":"AI&amp;INDUSTRY","article_modified_time":"2024-10-21T10:09:08+00:00","og_image":[{"width":800,"height":2000,"url":"https:\/\/ai-industry.eu\/wp-content\/uploads\/2024\/08\/Design-sans-titre-1.jpg","type":"image\/jpeg"}],"twitter_card":"summary_large_image","twitter_misc":{"Dur\u00e9e de lecture estim\u00e9e":"2 minutes"},"schema":{"@context":"https:\/\/schema.org","@graph":[{"@type":"WebPage","@id":"https:\/\/ai-industry.eu\/index.php\/ai-industry\/","url":"https:\/\/ai-industry.eu\/index.php\/ai-industry\/","name":"AI INDUSTRY - AI&amp;INDUSTRY","isPartOf":{"@id":"https:\/\/ai-industry.eu\/#website"},"primaryImageOfPage":{"@id":"https:\/\/ai-industry.eu\/index.php\/ai-industry\/#primaryimage"},"image":{"@id":"https:\/\/ai-industry.eu\/index.php\/ai-industry\/#primaryimage"},"thumbnailUrl":"http:\/\/ai-industry.eu\/wp-content\/uploads\/2024\/08\/Design-sans-titre-1-410x1024.jpg","datePublished":"2024-08-22T10:30:21+00:00","dateModified":"2024-10-21T10:09:08+00:00","breadcrumb":{"@id":"https:\/\/ai-industry.eu\/index.php\/ai-industry\/#breadcrumb"},"inLanguage":"fr-FR","potentialAction":[{"@type":"ReadAction","target":["https:\/\/ai-industry.eu\/index.php\/ai-industry\/"]}]},{"@type":"ImageObject","inLanguage":"fr-FR","@id":"https:\/\/ai-industry.eu\/index.php\/ai-industry\/#primaryimage","url":"https:\/\/ai-industry.eu\/wp-content\/uploads\/2024\/08\/Design-sans-titre-1.jpg","contentUrl":"https:\/\/ai-industry.eu\/wp-content\/uploads\/2024\/08\/Design-sans-titre-1.jpg","width":800,"height":2000},{"@type":"BreadcrumbList","@id":"https:\/\/ai-industry.eu\/index.php\/ai-industry\/#breadcrumb","itemListElement":[{"@type":"ListItem","position":1,"name":"Accueil","item":"https:\/\/ai-industry.eu\/"},{"@type":"ListItem","position":2,"name":"AI INDUSTRY"}]},{"@type":"WebSite","@id":"https:\/\/ai-industry.eu\/#website","url":"https:\/\/ai-industry.eu\/","name":"AI&Industry","description":"","publisher":{"@id":"https:\/\/ai-industry.eu\/#organization"},"alternateName":"AIFORUM","potentialAction":[{"@type":"SearchAction","target":{"@type":"EntryPoint","urlTemplate":"https:\/\/ai-industry.eu\/?s={search_term_string}"},"query-input":{"@type":"PropertyValueSpecification","valueRequired":true,"valueName":"search_term_string"}}],"inLanguage":"fr-FR"},{"@type":"Organization","@id":"https:\/\/ai-industry.eu\/#organization","name":"AI&Industry","url":"https:\/\/ai-industry.eu\/","logo":{"@type":"ImageObject","inLanguage":"fr-FR","@id":"https:\/\/ai-industry.eu\/#\/schema\/logo\/image\/","url":"https:\/\/ai-industry.eu\/wp-content\/uploads\/2024\/03\/cropped-AII-6-01.png","contentUrl":"https:\/\/ai-industry.eu\/wp-content\/uploads\/2024\/03\/cropped-AII-6-01.png","width":250,"height":150,"caption":"AI&Industry"},"image":{"@id":"https:\/\/ai-industry.eu\/#\/schema\/logo\/image\/"},"sameAs":["https:\/\/www.linkedin.com\/company\/18145186\/admin\/feed\/posts\/","https:\/\/www.instagram.com\/markcom.event\/"]}]}},"_links":{"self":[{"href":"https:\/\/ai-industry.eu\/index.php\/wp-json\/wp\/v2\/pages\/2192","targetHints":{"allow":["GET"]}}],"collection":[{"href":"https:\/\/ai-industry.eu\/index.php\/wp-json\/wp\/v2\/pages"}],"about":[{"href":"https:\/\/ai-industry.eu\/index.php\/wp-json\/wp\/v2\/types\/page"}],"author":[{"embeddable":true,"href":"https:\/\/ai-industry.eu\/index.php\/wp-json\/wp\/v2\/users\/1"}],"replies":[{"embeddable":true,"href":"https:\/\/ai-industry.eu\/index.php\/wp-json\/wp\/v2\/comments?post=2192"}],"version-history":[{"count":29,"href":"https:\/\/ai-industry.eu\/index.php\/wp-json\/wp\/v2\/pages\/2192\/revisions"}],"predecessor-version":[{"id":2631,"href":"https:\/\/ai-industry.eu\/index.php\/wp-json\/wp\/v2\/pages\/2192\/revisions\/2631"}],"wp:attachment":[{"href":"https:\/\/ai-industry.eu\/index.php\/wp-json\/wp\/v2\/media?parent=2192"}],"curies":[{"name":"wp","href":"https:\/\/api.w.org\/{rel}","templated":true}]}}