{"id":2040,"date":"2022-03-18T15:56:23","date_gmt":"2022-03-18T15:56:23","guid":{"rendered":"https:\/\/startersites.io\/elementor\/justice\/?page_id=1588"},"modified":"2025-01-29T16:40:01","modified_gmt":"2025-01-29T15:40:01","slug":"conference-2","status":"publish","type":"page","link":"https:\/\/ai-industry.eu\/index.php\/conference-2\/","title":{"rendered":"Conf\u00e9rence"},"content":{"rendered":"\t\t<div data-elementor-type=\"wp-page\" data-elementor-id=\"2040\" class=\"elementor elementor-2040\" data-elementor-post-type=\"page\">\n\t\t\t\t<div class=\"elementor-element elementor-element-57d40f2 e-flex e-con-boxed e-con e-parent\" data-id=\"57d40f2\" data-element_type=\"container\" data-settings=\"{&quot;background_background&quot;:&quot;classic&quot;}\">\n\t\t\t\t\t<div class=\"e-con-inner\">\n\t\t\t\t<div class=\"elementor-element elementor-element-af37f41 elementor-widget elementor-widget-heading\" data-id=\"af37f41\" data-element_type=\"widget\" data-widget_type=\"heading.default\">\n\t\t\t\t<div class=\"elementor-widget-container\">\n\t\t\t\t\t<h2 class=\"elementor-heading-title elementor-size-default\">Nos conf\u00e9rences <\/h2>\t\t\t\t<\/div>\n\t\t\t\t<\/div>\n\t\t\t\t\t<\/div>\n\t\t\t\t<\/div>\n\t\t<div class=\"elementor-element elementor-element-5da1bdd e-flex e-con-boxed e-con e-parent\" data-id=\"5da1bdd\" data-element_type=\"container\" data-settings=\"{&quot;background_background&quot;:&quot;classic&quot;}\">\n\t\t\t\t\t<div class=\"e-con-inner\">\n\t\t<div class=\"elementor-element elementor-element-8d83c08 e-con-full e-flex e-con e-child\" data-id=\"8d83c08\" data-element_type=\"container\">\n\t\t\t\t<div class=\"elementor-element elementor-element-29e5b6f elementor-widget__width-inherit elementor-widget elementor-widget-image\" data-id=\"29e5b6f\" data-element_type=\"widget\" data-widget_type=\"image.default\">\n\t\t\t\t<div class=\"elementor-widget-container\">\n\t\t\t\t\t\t\t\t\t\t\t\t\t\t\t<img fetchpriority=\"high\" decoding=\"async\" width=\"1024\" height=\"714\" src=\"https:\/\/ai-industry.eu\/wp-content\/uploads\/2024\/08\/lieu-evenementiel-lyon-7-1024x714.jpg\" class=\"attachment-large size-large wp-image-2102\" alt=\"\" srcset=\"https:\/\/ai-industry.eu\/wp-content\/uploads\/2024\/08\/lieu-evenementiel-lyon-7-1024x714.jpg 1024w, https:\/\/ai-industry.eu\/wp-content\/uploads\/2024\/08\/lieu-evenementiel-lyon-7-300x209.jpg 300w, https:\/\/ai-industry.eu\/wp-content\/uploads\/2024\/08\/lieu-evenementiel-lyon-7-768x535.jpg 768w, https:\/\/ai-industry.eu\/wp-content\/uploads\/2024\/08\/lieu-evenementiel-lyon-7-600x418.jpg 600w, https:\/\/ai-industry.eu\/wp-content\/uploads\/2024\/08\/lieu-evenementiel-lyon-7.jpg 1050w\" sizes=\"(max-width: 1024px) 100vw, 1024px\" \/>\t\t\t\t\t\t\t\t\t\t\t\t\t\t\t<\/div>\n\t\t\t\t<\/div>\n\t\t\t\t<\/div>\n\t\t<div class=\"elementor-element elementor-element-360b6dc e-con-full e-flex e-con e-child\" data-id=\"360b6dc\" data-element_type=\"container\">\n\t\t\t\t<div class=\"elementor-element elementor-element-24e1be5 elementor-widget elementor-widget-heading\" data-id=\"24e1be5\" data-element_type=\"widget\" data-widget_type=\"heading.default\">\n\t\t\t\t<div class=\"elementor-widget-container\">\n\t\t\t\t\t<h2 class=\"elementor-heading-title elementor-size-default\">1\u00e8re \u00e9dition : AI&amp;Industry Forum LYON<\/h2>\t\t\t\t<\/div>\n\t\t\t\t<\/div>\n\t\t\t\t<div class=\"elementor-element elementor-element-539a94c elementor-widget elementor-widget-text-editor\" data-id=\"539a94c\" data-element_type=\"widget\" data-widget_type=\"text-editor.default\">\n\t\t\t\t<div class=\"elementor-widget-container\">\n\t\t\t\t\t\t\t\t\t<p>Date<b> : le 27 mai 2025\u00a0<\/b><br \/><b>Lieu : L&#8217;embarcad\u00e8re, <a href=\"https:\/\/www.google.fr\/maps\/place\/L'Embarcad%C3%A8re+R%C3%A9servoir+d'%C3%A9v%C3%A9nements\/@45.747401,4.8158117,17z\/data=!3m1!4b1!4m5!3m4!1s0x47f4ebb6f0b01797:0xb49605c79016fc6!8m2!3d45.747401!4d4.817995\">13 bis Quai Rambaud<br \/>69002 Lyon<\/a>\u00a0<\/b><b><br \/><\/b><span style=\"font-family: inherit; font-size: inherit; font-style: inherit; font-variant-ligatures: inherit; font-variant-caps: inherit; text-align: var(--text-align); background-color: transparent; color: var(--theme-text-color); letter-spacing: var(--theme-letter-spacing); text-transform: var(--theme-text-transform);\"><b><br \/><\/b><span style=\"font-weight: inherit;\">L&rsquo;intelligence artificielle dans Industrie : l&rsquo;intelligence artificielle (IA) r\u00e9volutionne rapidement l&rsquo;industrie en automatisant les processus, en optimisant la\u00a0production et en ouvrant la voie de nouvelles opportunit\u00e9s. Cette technologie transforme le mode de fonctionnement\u00a0des entreprises en leur apportant des gains d&rsquo;efficacit\u00e9s, de productivit\u00e9 et de comp\u00e9titivit\u00e9s.<\/span><\/span><\/p><p><a href=\"https:\/\/ai-industry.eu\/index.php\/ai-industry\/\">En savoir plus<\/a><\/p>\t\t\t\t\t\t\t\t<\/div>\n\t\t\t\t<\/div>\n\t\t\t\t<\/div>\n\t\t\t\t<div class=\"elementor-element elementor-element-8c1bd18 elementor-widget elementor-widget-button\" data-id=\"8c1bd18\" data-element_type=\"widget\" data-widget_type=\"button.default\">\n\t\t\t\t<div class=\"elementor-widget-container\">\n\t\t\t\t\t\t\t\t\t<div class=\"elementor-button-wrapper\">\n\t\t\t\t\t<a class=\"elementor-button elementor-button-link elementor-size-sm\" href=\"https:\/\/www.eventbrite.be\/e\/billets-aiindustry-forum-lyon-2024-863036233607\">\n\t\t\t\t\t\t<span class=\"elementor-button-content-wrapper\">\n\t\t\t\t\t\t\t\t\t<span class=\"elementor-button-text\">S'inscrire <\/span>\n\t\t\t\t\t<\/span>\n\t\t\t\t\t<\/a>\n\t\t\t\t<\/div>\n\t\t\t\t\t\t\t\t<\/div>\n\t\t\t\t<\/div>\n\t\t\t\t\t<\/div>\n\t\t\t\t<\/div>\n\t\t<div class=\"elementor-element elementor-element-199cb5f e-flex e-con-boxed e-con e-parent\" data-id=\"199cb5f\" data-element_type=\"container\">\n\t\t\t\t\t<div class=\"e-con-inner\">\n\t\t\t\t<div class=\"elementor-element elementor-element-6b92409 elementor-widget elementor-widget-spacer\" data-id=\"6b92409\" data-element_type=\"widget\" data-widget_type=\"spacer.default\">\n\t\t\t\t<div class=\"elementor-widget-container\">\n\t\t\t\t\t\t\t<div class=\"elementor-spacer\">\n\t\t\t<div class=\"elementor-spacer-inner\"><\/div>\n\t\t<\/div>\n\t\t\t\t\t\t<\/div>\n\t\t\t\t<\/div>\n\t\t\t\t\t<\/div>\n\t\t\t\t<\/div>\n\t\t\t\t<\/div>\n\t\t","protected":false},"excerpt":{"rendered":"<p>Nos conf\u00e9rences 1\u00e8re \u00e9dition : AI&amp;Industry Forum LYON Date : le 27 mai 2025\u00a0Lieu : L&#8217;embarcad\u00e8re, 13 bis Quai Rambaud69002 Lyon\u00a0L&rsquo;intelligence artificielle dans Industrie : l&rsquo;intelligence artificielle (IA) r\u00e9volutionne rapidement l&rsquo;industrie en automatisant les processus, en optimisant la\u00a0production et en ouvrant la voie de nouvelles opportunit\u00e9s. Cette technologie transforme le mode de fonctionnement\u00a0des entreprises en [&hellip;]<\/p>\n","protected":false},"author":1,"featured_media":0,"parent":0,"menu_order":0,"comment_status":"closed","ping_status":"closed","template":"","meta":{"footnotes":""},"class_list":["post-2040","page","type-page","status-publish","hentry"],"blocksy_meta":{"page_title_panel":"","has_hero_section":"disabled","8373f36d8216cadee13a29bd660a3686":"","hero_section":"type-1","hero_elements":[{"id":"custom_title","enabled":true,"heading_tag":"h1","title":"Home"},{"id":"custom_description","enabled":true,"description_visibility":{"desktop":true,"tablet":true,"mobile":false}},{"id":"custom_meta","enabled":false,"meta_elements":[{"id":"author","enabled":true,"label":"By","has_author_avatar":"yes","avatar_size":25},{"id":"post_date","enabled":true,"label":"On","date_format_source":"default","date_format":"M j, Y"},{"id":"updated_date","enabled":false,"label":"On","date_format_source":"default","date_format":"M j, Y"},{"id":"categories","enabled":false,"label":"In","style":"simple"},{"id":"comments","enabled":true}],"page_meta_elements":{"joined":true,"articles_count":true,"comments":true}},{"id":"breadcrumbs","enabled":false}],"c45af6f82cbd1049ef79782f2078e0ca":"","hero_alignment1":"CT_CSS_SKIP_RULE","hero_margin":40,"hero_alignment2":"center","hero_vertical_alignment":"center","011d7ac99ba21a888a3932693566f7cb":"","hero_structure":"narrow","2293c45dcab12a2c84f37a129c165596":"","page_title_bg_type":"featured_image","custom_hero_background":{"attachment_id":null},"parallax":{"desktop":false,"tablet":false,"mobile":false},"e9da3485ee66c108f94bdc377480fe15":"","hero_height":"250px","pageTitleFont":{"family":"Default","variation":"Default","size":"30px","line-height":"CT_CSS_SKIP_RULE","letter-spacing":"CT_CSS_SKIP_RULE","text-transform":"CT_CSS_SKIP_RULE","text-decoration":"CT_CSS_SKIP_RULE"},"pageTitleFontColor":{"default":{"color":"CT_CSS_SKIP_RULEDEFAULT"}},"pageMetaFont":{"family":"Default","variation":"n6","size":"12px","line-height":"1.3","letter-spacing":"CT_CSS_SKIP_RULE","text-transform":"uppercase","text-decoration":"CT_CSS_SKIP_RULE"},"pageMetaFontColor":{"default":{"color":"CT_CSS_SKIP_RULEDEFAULT"},"hover":{"color":"CT_CSS_SKIP_RULEDEFAULT"}},"page_meta_button_type_font_colors":{"default":{"color":"CT_CSS_SKIP_RULEDEFAULT"},"hover":{"color":"CT_CSS_SKIP_RULEDEFAULT"}},"page_meta_button_type_background_colors":{"default":{"color":"CT_CSS_SKIP_RULEDEFAULT"},"hover":{"color":"CT_CSS_SKIP_RULEDEFAULT"}},"pageExcerptFont":{"family":"Default","variation":"Default","size":"CT_CSS_SKIP_RULE","line-height":"CT_CSS_SKIP_RULE","letter-spacing":"CT_CSS_SKIP_RULE","text-transform":"CT_CSS_SKIP_RULE","text-decoration":"CT_CSS_SKIP_RULE"},"pageExcerptColor":{"default":{"color":"CT_CSS_SKIP_RULEDEFAULT"}},"breadcrumbsFont":{"family":"Default","variation":"Default","size":"CT_CSS_SKIP_RULE","line-height":"CT_CSS_SKIP_RULE","letter-spacing":"CT_CSS_SKIP_RULE","text-transform":"CT_CSS_SKIP_RULE","text-decoration":"CT_CSS_SKIP_RULE"},"breadcrumbsFontColor":{"default":{"color":"CT_CSS_SKIP_RULEDEFAULT"},"initial":{"color":"CT_CSS_SKIP_RULEDEFAULT"},"hover":{"color":"CT_CSS_SKIP_RULEDEFAULT"}},"pageTitleOverlay":{"background_type":"color","background_pattern":"type-1","background_image":{"attachment_id":null,"x":0,"y":0},"gradient":"linear-gradient(135deg,rgba(6,147,227,1) 0%,rgb(155,81,224) 100%)","background_repeat":"repeat","background_size":"auto","background_attachment":"scroll","patternColor":{"default":{"color":"#e5e7ea"}},"overlayColor":{"default":{"color":"CT_CSS_SKIP_RULE"}},"backgroundColor":{"default":{"color":"CT_CSS_SKIP_RULE"}}},"pageTitleBackground":{"background_type":"color","background_pattern":"type-1","background_image":{"attachment_id":null,"x":0,"y":0},"gradient":"linear-gradient(135deg,rgba(6,147,227,1) 0%,rgb(155,81,224) 100%)","background_repeat":"repeat","background_size":"auto","background_attachment":"scroll","patternColor":{"default":{"color":"#e5e7ea"}},"overlayColor":{"default":{"color":"CT_CSS_SKIP_RULE"}},"backgroundColor":{"default":{"color":"var(--theme-palette-color-6)"}}},"pageTitlePadding":{"top":"50px","bottom":"50px","left":"auto","right":"auto","linked":true},"a615b828e421fcb439ad425ecf9ad5dc":"","page_structure_type":"default","b2d23b1b5765724aae7c01379876dad7":"","content_style_source":"inherit","content_style":"wide","vertical_spacing_source":"custom","content_area_spacing":"none","background":{"background_type":"color","background_pattern":"type-1","background_image":{"attachment_id":null,"x":0,"y":0},"gradient":"linear-gradient(135deg,rgba(6,147,227,1) 0%,rgb(155,81,224) 100%)","background_repeat":"repeat","background_size":"auto","background_attachment":"scroll","patternColor":{"default":{"color":"#e5e7ea"}},"overlayColor":{"default":{"color":"CT_CSS_SKIP_RULE"}},"backgroundColor":{"default":{"color":"CT_CSS_SKIP_RULE"}}},"content_background":{"background_type":"color","background_pattern":"type-1","background_image":{"attachment_id":null,"x":0,"y":0},"gradient":"linear-gradient(135deg,rgba(6,147,227,1) 0%,rgb(155,81,224) 100%)","background_repeat":"repeat","background_size":"auto","background_attachment":"scroll","patternColor":{"default":{"color":"#e5e7ea"}},"overlayColor":{"default":{"color":"CT_CSS_SKIP_RULE"}},"backgroundColor":{"default":{"color":"var(--theme-palette-color-8)"}}},"content_boxed_shadow":{"inherit":false,"blur":18,"spread":-6,"v_offset":12,"h_offset":0,"inset":false,"enable":true,"color":{"color":"rgba(34, 56, 101, 0.04)"}},"boxed_content_spacing":{"desktop":{"top":"40px","bottom":"40px","left":"40px","right":"40px","linked":true},"tablet":{"top":"35px","bottom":"35px","left":"35px","right":"35px","linked":true},"mobile":{"top":"20px","bottom":"20px","left":"20px","right":"20px","linked":true}},"content_boxed_radius":{"top":"3px","bottom":"3px","left":"3px","right":"3px","linked":true},"e469f25c44b287f403151867f6e9c3bb":"","disable_featured_image":"no","disable_share_box":"no","disable_header":"no","disable_footer":"no","styles_descriptor":{"styles":{"desktop":"","tablet":"","mobile":""},"google_fonts":[],"version":6}},"yoast_head":"<!-- This site is optimized with the Yoast SEO plugin v27.3 - https:\/\/yoast.com\/product\/yoast-seo-wordpress\/ -->\n<title>Conf\u00e9rence - AI&amp;INDUSTRY<\/title>\n<meta name=\"robots\" content=\"index, follow, max-snippet:-1, max-image-preview:large, max-video-preview:-1\" \/>\n<link rel=\"canonical\" href=\"https:\/\/ai-industry.eu\/index.php\/conference-2\/\" \/>\n<meta property=\"og:locale\" content=\"fr_FR\" \/>\n<meta property=\"og:type\" content=\"article\" \/>\n<meta property=\"og:title\" content=\"Conf\u00e9rence - AI&amp;INDUSTRY\" \/>\n<meta property=\"og:description\" content=\"Nos conf\u00e9rences 1\u00e8re \u00e9dition : AI&amp;Industry Forum LYON Date : le 27 mai 2025\u00a0Lieu : L&#8217;embarcad\u00e8re, 13 bis Quai Rambaud69002 Lyon\u00a0L&rsquo;intelligence artificielle dans Industrie : l&rsquo;intelligence artificielle (IA) r\u00e9volutionne rapidement l&rsquo;industrie en automatisant les processus, en optimisant la\u00a0production et en ouvrant la voie de nouvelles opportunit\u00e9s. Cette technologie transforme le mode de fonctionnement\u00a0des entreprises en [&hellip;]\" \/>\n<meta property=\"og:url\" content=\"https:\/\/ai-industry.eu\/index.php\/conference-2\/\" \/>\n<meta property=\"og:site_name\" content=\"AI&amp;INDUSTRY\" \/>\n<meta property=\"article:modified_time\" content=\"2025-01-29T15:40:01+00:00\" \/>\n<meta property=\"og:image\" content=\"https:\/\/ai-industry.eu\/wp-content\/uploads\/2024\/08\/lieu-evenementiel-lyon-7.jpg\" \/>\n\t<meta property=\"og:image:width\" content=\"1050\" \/>\n\t<meta property=\"og:image:height\" content=\"732\" \/>\n\t<meta property=\"og:image:type\" content=\"image\/jpeg\" \/>\n<meta name=\"twitter:card\" content=\"summary_large_image\" \/>\n<meta name=\"twitter:label1\" content=\"Dur\u00e9e de lecture estim\u00e9e\" \/>\n\t<meta name=\"twitter:data1\" content=\"1 minute\" \/>\n<script type=\"application\/ld+json\" class=\"yoast-schema-graph\">{\"@context\":\"https:\\\/\\\/schema.org\",\"@graph\":[{\"@type\":\"WebPage\",\"@id\":\"https:\\\/\\\/ai-industry.eu\\\/index.php\\\/conference-2\\\/\",\"url\":\"https:\\\/\\\/ai-industry.eu\\\/index.php\\\/conference-2\\\/\",\"name\":\"Conf\u00e9rence - AI&amp;INDUSTRY\",\"isPartOf\":{\"@id\":\"https:\\\/\\\/ai-industry.eu\\\/#website\"},\"primaryImageOfPage\":{\"@id\":\"https:\\\/\\\/ai-industry.eu\\\/index.php\\\/conference-2\\\/#primaryimage\"},\"image\":{\"@id\":\"https:\\\/\\\/ai-industry.eu\\\/index.php\\\/conference-2\\\/#primaryimage\"},\"thumbnailUrl\":\"http:\\\/\\\/ai-industry.eu\\\/wp-content\\\/uploads\\\/2024\\\/08\\\/lieu-evenementiel-lyon-7-1024x714.jpg\",\"datePublished\":\"2022-03-18T15:56:23+00:00\",\"dateModified\":\"2025-01-29T15:40:01+00:00\",\"breadcrumb\":{\"@id\":\"https:\\\/\\\/ai-industry.eu\\\/index.php\\\/conference-2\\\/#breadcrumb\"},\"inLanguage\":\"fr-FR\",\"potentialAction\":[{\"@type\":\"ReadAction\",\"target\":[\"https:\\\/\\\/ai-industry.eu\\\/index.php\\\/conference-2\\\/\"]}]},{\"@type\":\"ImageObject\",\"inLanguage\":\"fr-FR\",\"@id\":\"https:\\\/\\\/ai-industry.eu\\\/index.php\\\/conference-2\\\/#primaryimage\",\"url\":\"https:\\\/\\\/ai-industry.eu\\\/wp-content\\\/uploads\\\/2024\\\/08\\\/lieu-evenementiel-lyon-7.jpg\",\"contentUrl\":\"https:\\\/\\\/ai-industry.eu\\\/wp-content\\\/uploads\\\/2024\\\/08\\\/lieu-evenementiel-lyon-7.jpg\",\"width\":1050,\"height\":732,\"caption\":\"xr:d:DAEoGUNk0Gs:245,j:4890198436725490175,t:24011109\"},{\"@type\":\"BreadcrumbList\",\"@id\":\"https:\\\/\\\/ai-industry.eu\\\/index.php\\\/conference-2\\\/#breadcrumb\",\"itemListElement\":[{\"@type\":\"ListItem\",\"position\":1,\"name\":\"Accueil\",\"item\":\"https:\\\/\\\/ai-industry.eu\\\/\"},{\"@type\":\"ListItem\",\"position\":2,\"name\":\"Conf\u00e9rence\"}]},{\"@type\":\"WebSite\",\"@id\":\"https:\\\/\\\/ai-industry.eu\\\/#website\",\"url\":\"https:\\\/\\\/ai-industry.eu\\\/\",\"name\":\"AI&Industry\",\"description\":\"\",\"publisher\":{\"@id\":\"https:\\\/\\\/ai-industry.eu\\\/#organization\"},\"alternateName\":\"AIFORUM\",\"potentialAction\":[{\"@type\":\"SearchAction\",\"target\":{\"@type\":\"EntryPoint\",\"urlTemplate\":\"https:\\\/\\\/ai-industry.eu\\\/?s={search_term_string}\"},\"query-input\":{\"@type\":\"PropertyValueSpecification\",\"valueRequired\":true,\"valueName\":\"search_term_string\"}}],\"inLanguage\":\"fr-FR\"},{\"@type\":\"Organization\",\"@id\":\"https:\\\/\\\/ai-industry.eu\\\/#organization\",\"name\":\"AI&Industry\",\"url\":\"https:\\\/\\\/ai-industry.eu\\\/\",\"logo\":{\"@type\":\"ImageObject\",\"inLanguage\":\"fr-FR\",\"@id\":\"https:\\\/\\\/ai-industry.eu\\\/#\\\/schema\\\/logo\\\/image\\\/\",\"url\":\"https:\\\/\\\/ai-industry.eu\\\/wp-content\\\/uploads\\\/2024\\\/03\\\/cropped-AII-6-01.png\",\"contentUrl\":\"https:\\\/\\\/ai-industry.eu\\\/wp-content\\\/uploads\\\/2024\\\/03\\\/cropped-AII-6-01.png\",\"width\":250,\"height\":150,\"caption\":\"AI&Industry\"},\"image\":{\"@id\":\"https:\\\/\\\/ai-industry.eu\\\/#\\\/schema\\\/logo\\\/image\\\/\"},\"sameAs\":[\"https:\\\/\\\/www.linkedin.com\\\/company\\\/18145186\\\/admin\\\/feed\\\/posts\\\/\",\"https:\\\/\\\/www.instagram.com\\\/markcom.event\\\/\"]}]}<\/script>\n<!-- \/ Yoast SEO plugin. -->","yoast_head_json":{"title":"Conf\u00e9rence - AI&amp;INDUSTRY","robots":{"index":"index","follow":"follow","max-snippet":"max-snippet:-1","max-image-preview":"max-image-preview:large","max-video-preview":"max-video-preview:-1"},"canonical":"https:\/\/ai-industry.eu\/index.php\/conference-2\/","og_locale":"fr_FR","og_type":"article","og_title":"Conf\u00e9rence - AI&amp;INDUSTRY","og_description":"Nos conf\u00e9rences 1\u00e8re \u00e9dition : AI&amp;Industry Forum LYON Date : le 27 mai 2025\u00a0Lieu : L&#8217;embarcad\u00e8re, 13 bis Quai Rambaud69002 Lyon\u00a0L&rsquo;intelligence artificielle dans Industrie : l&rsquo;intelligence artificielle (IA) r\u00e9volutionne rapidement l&rsquo;industrie en automatisant les processus, en optimisant la\u00a0production et en ouvrant la voie de nouvelles opportunit\u00e9s. Cette technologie transforme le mode de fonctionnement\u00a0des entreprises en [&hellip;]","og_url":"https:\/\/ai-industry.eu\/index.php\/conference-2\/","og_site_name":"AI&amp;INDUSTRY","article_modified_time":"2025-01-29T15:40:01+00:00","og_image":[{"width":1050,"height":732,"url":"https:\/\/ai-industry.eu\/wp-content\/uploads\/2024\/08\/lieu-evenementiel-lyon-7.jpg","type":"image\/jpeg"}],"twitter_card":"summary_large_image","twitter_misc":{"Dur\u00e9e de lecture estim\u00e9e":"1 minute"},"schema":{"@context":"https:\/\/schema.org","@graph":[{"@type":"WebPage","@id":"https:\/\/ai-industry.eu\/index.php\/conference-2\/","url":"https:\/\/ai-industry.eu\/index.php\/conference-2\/","name":"Conf\u00e9rence - AI&amp;INDUSTRY","isPartOf":{"@id":"https:\/\/ai-industry.eu\/#website"},"primaryImageOfPage":{"@id":"https:\/\/ai-industry.eu\/index.php\/conference-2\/#primaryimage"},"image":{"@id":"https:\/\/ai-industry.eu\/index.php\/conference-2\/#primaryimage"},"thumbnailUrl":"http:\/\/ai-industry.eu\/wp-content\/uploads\/2024\/08\/lieu-evenementiel-lyon-7-1024x714.jpg","datePublished":"2022-03-18T15:56:23+00:00","dateModified":"2025-01-29T15:40:01+00:00","breadcrumb":{"@id":"https:\/\/ai-industry.eu\/index.php\/conference-2\/#breadcrumb"},"inLanguage":"fr-FR","potentialAction":[{"@type":"ReadAction","target":["https:\/\/ai-industry.eu\/index.php\/conference-2\/"]}]},{"@type":"ImageObject","inLanguage":"fr-FR","@id":"https:\/\/ai-industry.eu\/index.php\/conference-2\/#primaryimage","url":"https:\/\/ai-industry.eu\/wp-content\/uploads\/2024\/08\/lieu-evenementiel-lyon-7.jpg","contentUrl":"https:\/\/ai-industry.eu\/wp-content\/uploads\/2024\/08\/lieu-evenementiel-lyon-7.jpg","width":1050,"height":732,"caption":"xr:d:DAEoGUNk0Gs:245,j:4890198436725490175,t:24011109"},{"@type":"BreadcrumbList","@id":"https:\/\/ai-industry.eu\/index.php\/conference-2\/#breadcrumb","itemListElement":[{"@type":"ListItem","position":1,"name":"Accueil","item":"https:\/\/ai-industry.eu\/"},{"@type":"ListItem","position":2,"name":"Conf\u00e9rence"}]},{"@type":"WebSite","@id":"https:\/\/ai-industry.eu\/#website","url":"https:\/\/ai-industry.eu\/","name":"AI&Industry","description":"","publisher":{"@id":"https:\/\/ai-industry.eu\/#organization"},"alternateName":"AIFORUM","potentialAction":[{"@type":"SearchAction","target":{"@type":"EntryPoint","urlTemplate":"https:\/\/ai-industry.eu\/?s={search_term_string}"},"query-input":{"@type":"PropertyValueSpecification","valueRequired":true,"valueName":"search_term_string"}}],"inLanguage":"fr-FR"},{"@type":"Organization","@id":"https:\/\/ai-industry.eu\/#organization","name":"AI&Industry","url":"https:\/\/ai-industry.eu\/","logo":{"@type":"ImageObject","inLanguage":"fr-FR","@id":"https:\/\/ai-industry.eu\/#\/schema\/logo\/image\/","url":"https:\/\/ai-industry.eu\/wp-content\/uploads\/2024\/03\/cropped-AII-6-01.png","contentUrl":"https:\/\/ai-industry.eu\/wp-content\/uploads\/2024\/03\/cropped-AII-6-01.png","width":250,"height":150,"caption":"AI&Industry"},"image":{"@id":"https:\/\/ai-industry.eu\/#\/schema\/logo\/image\/"},"sameAs":["https:\/\/www.linkedin.com\/company\/18145186\/admin\/feed\/posts\/","https:\/\/www.instagram.com\/markcom.event\/"]}]}},"_links":{"self":[{"href":"https:\/\/ai-industry.eu\/index.php\/wp-json\/wp\/v2\/pages\/2040","targetHints":{"allow":["GET"]}}],"collection":[{"href":"https:\/\/ai-industry.eu\/index.php\/wp-json\/wp\/v2\/pages"}],"about":[{"href":"https:\/\/ai-industry.eu\/index.php\/wp-json\/wp\/v2\/types\/page"}],"author":[{"embeddable":true,"href":"https:\/\/ai-industry.eu\/index.php\/wp-json\/wp\/v2\/users\/1"}],"replies":[{"embeddable":true,"href":"https:\/\/ai-industry.eu\/index.php\/wp-json\/wp\/v2\/comments?post=2040"}],"version-history":[{"count":38,"href":"https:\/\/ai-industry.eu\/index.php\/wp-json\/wp\/v2\/pages\/2040\/revisions"}],"predecessor-version":[{"id":2731,"href":"https:\/\/ai-industry.eu\/index.php\/wp-json\/wp\/v2\/pages\/2040\/revisions\/2731"}],"wp:attachment":[{"href":"https:\/\/ai-industry.eu\/index.php\/wp-json\/wp\/v2\/media?parent=2040"}],"curies":[{"name":"wp","href":"https:\/\/api.w.org\/{rel}","templated":true}]}}